{"id":6537,"date":"2023-05-11T10:15:02","date_gmt":"2023-05-11T08:15:02","guid":{"rendered":"https:\/\/www.thales.be\/?page_id=6537"},"modified":"2023-05-11T10:17:34","modified_gmt":"2023-05-11T08:17:34","slug":"avocats-namur","status":"publish","type":"page","link":"https:\/\/www.thales.be\/nl\/avocats-namur\/","title":{"rendered":"Avocats Namur"},"content":{"rendered":"<div data-elementor-type=\"wp-page\" data-elementor-id=\"6537\" class=\"elementor elementor-6537\" data-elementor-post-type=\"page\">\n\t\t\t\t\t\t<section class=\"elementor-section elementor-top-section elementor-element elementor-element-1cad0fb elementor-section-boxed elementor-section-height-default elementor-section-height-default\" data-id=\"1cad0fb\" data-element_type=\"section\" data-e-type=\"section\">\n\t\t\t\t\t\t<div class=\"elementor-container elementor-column-gap-default\">\n\t\t\t\t\t<div class=\"elementor-column elementor-col-100 elementor-top-column elementor-element elementor-element-5533ef5\" data-id=\"5533ef5\" data-element_type=\"column\" data-e-type=\"column\">\n\t\t\t<div class=\"elementor-widget-wrap elementor-element-populated\">\n\t\t\t\t\t\t<div class=\"elementor-element elementor-element-0110f95 elementor-widget elementor-widget-heading\" data-id=\"0110f95\" data-element_type=\"widget\" data-e-type=\"widget\" data-widget_type=\"heading.default\">\n\t\t\t\t<div class=\"elementor-widget-container\">\n\t\t\t\t\t<h2 class=\"elementor-heading-title elementor-size-default\">ADVOCATEN |\u00a0THALES NAMEN <\/h2>\t\t\t\t<\/div>\n\t\t\t\t<\/div>\n\t\t\t\t<div class=\"elementor-element elementor-element-5a9a606 elementor-hidden-desktop elementor-hidden-tablet elementor-hidden-mobile elementor-widget elementor-widget-text-editor\" data-id=\"5a9a606\" data-element_type=\"widget\" data-e-type=\"widget\" data-widget_type=\"text-editor.default\">\n\t\t\t\t<div class=\"elementor-widget-container\">\n\t\t\t\t\t\t\t\t\tTHALES conseille les entreprises, les institutions publiques et priv\u00e9es, ainsi que les particuliers dans tous les domaines juridiques importants et assure la d\u00e9fense de leurs int\u00e9r\u00eats devant les instances judiciaires et administratives belges et europ\u00e9ennes, ainsi que dans le cadre des modes alternatifs de r\u00e8glement des litiges.\t\t\t\t\t\t\t\t<\/div>\n\t\t\t\t<\/div>\n\t\t\t\t\t<\/div>\n\t\t<\/div>\n\t\t\t\t\t<\/div>\n\t\t<\/section>\n\t\t<div class=\"elementor-element elementor-element-61df930 e-flex e-con-boxed e-con e-parent\" data-id=\"61df930\" data-element_type=\"container\" data-e-type=\"container\" data-settings=\"{&quot;background_background&quot;:&quot;classic&quot;}\">\n\t\t\t\t\t<div class=\"e-con-inner\">\n\t\t<div class=\"elementor-element elementor-element-16e1e08 e-con-full e-flex e-con e-parent\" data-id=\"16e1e08\" data-element_type=\"container\" data-e-type=\"container\">\n\t\t\t\t<div class=\"elementor-element elementor-element-9976639 elementor-grid-5 elementor-grid-mobile-2 elementor-grid-tablet-2 elementor-posts--thumbnail-top elementor-widget elementor-widget-posts\" data-id=\"9976639\" data-element_type=\"widget\" data-e-type=\"widget\" data-settings=\"{&quot;classic_columns&quot;:&quot;5&quot;,&quot;classic_row_gap&quot;:{&quot;unit&quot;:&quot;px&quot;,&quot;size&quot;:32,&quot;sizes&quot;:[]},&quot;classic_columns_mobile&quot;:&quot;2&quot;,&quot;classic_masonry&quot;:&quot;yes&quot;,&quot;classic_columns_tablet&quot;:&quot;2&quot;,&quot;classic_row_gap_tablet&quot;:{&quot;unit&quot;:&quot;px&quot;,&quot;size&quot;:&quot;&quot;,&quot;sizes&quot;:[]},&quot;classic_row_gap_mobile&quot;:{&quot;unit&quot;:&quot;px&quot;,&quot;size&quot;:&quot;&quot;,&quot;sizes&quot;:[]}}\" data-widget_type=\"posts.classic\">\n\t\t\t\t<div class=\"elementor-widget-container\">\n\t\t\t\t\t\t\t<div class=\"elementor-posts-container elementor-posts elementor-posts--skin-classic elementor-grid\" role=\"list\">\n\t\t\t\t<article class=\"elementor-post elementor-grid-item post-6535 avocat type-avocat status-publish has-post-thumbnail hentry category-avocats category-namur\" role=\"listitem\">\n\t\t\t\t<a class=\"elementor-post__thumbnail__link\" href=\"https:\/\/www.thales.be\/nl\/avocat\/jean-francois-davreux\/\" tabindex=\"-1\" >\n\t\t\t<div class=\"elementor-post__thumbnail\"><img fetchpriority=\"high\" decoding=\"async\" width=\"298\" height=\"291\" src=\"https:\/\/www.thales.be\/wp-content\/uploads\/2023\/05\/thales-namur-avocat-jfdavreux.jpg\" class=\"attachment-medium size-medium wp-image-6547\" alt=\"\" srcset=\"https:\/\/www.thales.be\/wp-content\/uploads\/2023\/05\/thales-namur-avocat-jfdavreux.jpg 298w, https:\/\/www.thales.be\/wp-content\/uploads\/2023\/05\/thales-namur-avocat-jfdavreux-12x12.jpg 12w\" sizes=\"(max-width: 298px) 100vw, 298px\" \/><\/div>\n\t\t<\/a>\n\t\t\t\t<div class=\"elementor-post__text\">\n\t\t\t\t<h3 class=\"elementor-post__title\">\n\t\t\t<a href=\"https:\/\/www.thales.be\/nl\/avocat\/jean-francois-davreux\/\" >\n\t\t\t\tJean-Fran\u00e7ois Davreux\t\t\t<\/a>\n\t\t<\/h3>\n\t\t\t\t<\/div>\n\t\t\t\t<\/article>\n\t\t\t\t<article class=\"elementor-post elementor-grid-item post-6554 avocat type-avocat status-publish has-post-thumbnail hentry category-avocats category-namur\" role=\"listitem\">\n\t\t\t\t<a class=\"elementor-post__thumbnail__link\" href=\"https:\/\/www.thales.be\/nl\/avocat\/francois-davreux\/\" tabindex=\"-1\" >\n\t\t\t<div class=\"elementor-post__thumbnail\"><img decoding=\"async\" width=\"298\" height=\"291\" src=\"https:\/\/www.thales.be\/wp-content\/uploads\/2023\/05\/thales-namur-avocats-fdavreux.jpg\" class=\"attachment-medium size-medium wp-image-6555\" alt=\"thales-namur-avocats-f-davreux\" srcset=\"https:\/\/www.thales.be\/wp-content\/uploads\/2023\/05\/thales-namur-avocats-fdavreux.jpg 298w, https:\/\/www.thales.be\/wp-content\/uploads\/2023\/05\/thales-namur-avocats-fdavreux-12x12.jpg 12w\" sizes=\"(max-width: 298px) 100vw, 298px\" \/><\/div>\n\t\t<\/a>\n\t\t\t\t<div class=\"elementor-post__text\">\n\t\t\t\t<h3 class=\"elementor-post__title\">\n\t\t\t<a href=\"https:\/\/www.thales.be\/nl\/avocat\/francois-davreux\/\" >\n\t\t\t\tFran\u00e7ois Davreux\t\t\t<\/a>\n\t\t<\/h3>\n\t\t\t\t<\/div>\n\t\t\t\t<\/article>\n\t\t\t\t<article class=\"elementor-post elementor-grid-item post-6581 avocat type-avocat status-publish has-post-thumbnail hentry category-avocats category-namur\" role=\"listitem\">\n\t\t\t\t<a class=\"elementor-post__thumbnail__link\" href=\"https:\/\/www.thales.be\/nl\/avocat\/frederic-loute\/\" tabindex=\"-1\" >\n\t\t\t<div class=\"elementor-post__thumbnail\"><img decoding=\"async\" width=\"298\" height=\"291\" src=\"https:\/\/www.thales.be\/wp-content\/uploads\/2023\/05\/thales-namur-avocats-loute-e1683810653155.jpg\" class=\"attachment-medium size-medium wp-image-6582\" alt=\"thales-namur-avocats-loute\" srcset=\"https:\/\/www.thales.be\/wp-content\/uploads\/2023\/05\/thales-namur-avocats-loute-e1683810653155.jpg 298w, https:\/\/www.thales.be\/wp-content\/uploads\/2023\/05\/thales-namur-avocats-loute-e1683810653155-12x12.jpg 12w\" sizes=\"(max-width: 298px) 100vw, 298px\" \/><\/div>\n\t\t<\/a>\n\t\t\t\t<div class=\"elementor-post__text\">\n\t\t\t\t<h3 class=\"elementor-post__title\">\n\t\t\t<a href=\"https:\/\/www.thales.be\/nl\/avocat\/frederic-loute\/\" >\n\t\t\t\tFr\u00e9d\u00e9ric Loute\t\t\t<\/a>\n\t\t<\/h3>\n\t\t\t\t<\/div>\n\t\t\t\t<\/article>\n\t\t\t\t<article class=\"elementor-post elementor-grid-item post-6583 avocat type-avocat status-publish has-post-thumbnail hentry category-avocats category-namur\" role=\"listitem\">\n\t\t\t\t<a class=\"elementor-post__thumbnail__link\" href=\"https:\/\/www.thales.be\/nl\/avocat\/sylvianne-leprince\/\" tabindex=\"-1\" >\n\t\t\t<div class=\"elementor-post__thumbnail\"><img loading=\"lazy\" decoding=\"async\" width=\"200\" height=\"195\" src=\"https:\/\/www.thales.be\/wp-content\/uploads\/2023\/05\/thales-namur-avocats-leprince-e1683810726753.jpg\" class=\"attachment-medium size-medium wp-image-6584\" alt=\"thales-namur-avocats-leprince\" srcset=\"https:\/\/www.thales.be\/wp-content\/uploads\/2023\/05\/thales-namur-avocats-leprince-e1683810726753.jpg 200w, https:\/\/www.thales.be\/wp-content\/uploads\/2023\/05\/thales-namur-avocats-leprince-e1683810726753-12x12.jpg 12w\" sizes=\"(max-width: 200px) 100vw, 200px\" \/><\/div>\n\t\t<\/a>\n\t\t\t\t<div class=\"elementor-post__text\">\n\t\t\t\t<h3 class=\"elementor-post__title\">\n\t\t\t<a href=\"https:\/\/www.thales.be\/nl\/avocat\/sylvianne-leprince\/\" >\n\t\t\t\tSylvianne Leprince\t\t\t<\/a>\n\t\t<\/h3>\n\t\t\t\t<\/div>\n\t\t\t\t<\/article>\n\t\t\t\t<article class=\"elementor-post elementor-grid-item post-6585 avocat type-avocat status-publish has-post-thumbnail hentry category-avocats category-namur\" role=\"listitem\">\n\t\t\t\t<a class=\"elementor-post__thumbnail__link\" href=\"https:\/\/www.thales.be\/nl\/avocat\/lionel-albert-baum\/\" tabindex=\"-1\" >\n\t\t\t<div class=\"elementor-post__thumbnail\"><img loading=\"lazy\" decoding=\"async\" width=\"298\" height=\"291\" src=\"https:\/\/www.thales.be\/wp-content\/uploads\/2023\/05\/thales-avocats-namur-baum-e1683810773896.jpg\" class=\"attachment-medium size-medium wp-image-6586\" alt=\"thales-avocats-namur-baum\" srcset=\"https:\/\/www.thales.be\/wp-content\/uploads\/2023\/05\/thales-avocats-namur-baum-e1683810773896.jpg 298w, https:\/\/www.thales.be\/wp-content\/uploads\/2023\/05\/thales-avocats-namur-baum-e1683810773896-12x12.jpg 12w\" sizes=\"(max-width: 298px) 100vw, 298px\" \/><\/div>\n\t\t<\/a>\n\t\t\t\t<div class=\"elementor-post__text\">\n\t\t\t\t<h3 class=\"elementor-post__title\">\n\t\t\t<a href=\"https:\/\/www.thales.be\/nl\/avocat\/lionel-albert-baum\/\" >\n\t\t\t\tLionel-Albert Baum\t\t\t<\/a>\n\t\t<\/h3>\n\t\t\t\t<\/div>\n\t\t\t\t<\/article>\n\t\t\t\t<\/div>\n\t\t\n\t\t\t\t\t\t<\/div>\n\t\t\t\t<\/div>\n\t\t\t\t<\/div>\n\t\t\t\t\t<\/div>\n\t\t\t\t<\/div>\n\t\t\t\t<\/div>","protected":false},"excerpt":{"rendered":"<p>AVOCATS |\u00a0THALES NAMUR THALES conseille les entreprises, les institutions publiques et priv\u00e9es, ainsi que les particuliers dans tous les domaines juridiques importants et assure la<\/p>","protected":false},"author":8,"featured_media":0,"parent":0,"menu_order":10,"comment_status":"closed","ping_status":"closed","template":"elementor_header_footer","meta":{"_acf_changed":false,"footnotes":""},"class_list":["post-6537","page","type-page","status-publish","hentry"],"acf":[],"_links":{"self":[{"href":"https:\/\/www.thales.be\/nl\/wp-json\/wp\/v2\/pages\/6537","targetHints":{"allow":["GET"]}}],"collection":[{"href":"https:\/\/www.thales.be\/nl\/wp-json\/wp\/v2\/pages"}],"about":[{"href":"https:\/\/www.thales.be\/nl\/wp-json\/wp\/v2\/types\/page"}],"author":[{"embeddable":true,"href":"https:\/\/www.thales.be\/nl\/wp-json\/wp\/v2\/users\/8"}],"replies":[{"embeddable":true,"href":"https:\/\/www.thales.be\/nl\/wp-json\/wp\/v2\/comments?post=6537"}],"version-history":[{"count":5,"href":"https:\/\/www.thales.be\/nl\/wp-json\/wp\/v2\/pages\/6537\/revisions"}],"predecessor-version":[{"id":6543,"href":"https:\/\/www.thales.be\/nl\/wp-json\/wp\/v2\/pages\/6537\/revisions\/6543"}],"wp:attachment":[{"href":"https:\/\/www.thales.be\/nl\/wp-json\/wp\/v2\/media?parent=6537"}],"curies":[{"name":"wp","href":"https:\/\/api.w.org\/{rel}","templated":true}]}}