{"id":5879,"date":"2022-10-24T11:45:15","date_gmt":"2022-10-24T09:45:15","guid":{"rendered":"https:\/\/www.thales.be\/?page_id=5879"},"modified":"2022-11-23T13:11:17","modified_gmt":"2022-11-23T12:11:17","slug":"politique-vie-privee","status":"publish","type":"page","link":"https:\/\/www.thales.be\/nl\/politique-vie-privee\/","title":{"rendered":"Privacybeleid"},"content":{"rendered":"<div data-elementor-type=\"wp-page\" data-elementor-id=\"5879\" class=\"elementor elementor-5879\" data-elementor-post-type=\"page\">\n\t\t\t\t\t\t<section class=\"elementor-section elementor-top-section elementor-element elementor-element-3d27c24 elementor-section-boxed elementor-section-height-default elementor-section-height-default\" data-id=\"3d27c24\" data-element_type=\"section\" data-e-type=\"section\">\n\t\t\t\t\t\t<div class=\"elementor-container elementor-column-gap-default\">\n\t\t\t\t\t<div class=\"elementor-column elementor-col-100 elementor-top-column elementor-element elementor-element-ff7b042\" data-id=\"ff7b042\" data-element_type=\"column\" data-e-type=\"column\">\n\t\t\t<div class=\"elementor-widget-wrap elementor-element-populated\">\n\t\t\t\t\t\t<div class=\"elementor-element elementor-element-a16b3f4 elementor-widget elementor-widget-heading\" data-id=\"a16b3f4\" data-element_type=\"widget\" data-e-type=\"widget\" data-widget_type=\"heading.default\">\n\t\t\t\t<div class=\"elementor-widget-container\">\n\t\t\t\t\t<h2 class=\"elementor-heading-title elementor-size-default\">PRIVACYBELEID<\/h2>\t\t\t\t<\/div>\n\t\t\t\t<\/div>\n\t\t\t\t<div class=\"elementor-element elementor-element-8ea1d91 elementor-widget elementor-widget-text-editor\" data-id=\"8ea1d91\" data-element_type=\"widget\" data-e-type=\"widget\" data-widget_type=\"text-editor.default\">\n\t\t\t\t<div class=\"elementor-widget-container\">\n\t\t\t\t\t\t\t\t\t<p>Bij Thales hechten we veel belang aan uw privacy en de bescherming van uw persoonsgegevens.<\/p><p>Dit privacybeleid legt uit welk type gegevens we verzamelen, waarom en hoe we deze verwerken en met wie we deze delen.<\/p><p>Ook wordt uitgelegd wat uw rechten zijn met betrekking tot uw persoonsgegevens, maar ook hoe u contact met ons kunt opnemen en hoe u een klacht kunt indienen.<\/p><p>Voor zover u als klant verplicht bent om ons persoonsgegevens van derden, zoals werknemers, zelfstandige medewerkers of andere contactpersonen, te verstrekken, vragen wij u hen op de hoogte te stellen van dit privacybeleid alvorens hun persoonsgegevens met ons te delen.<\/p>\t\t\t\t\t\t\t\t<\/div>\n\t\t\t\t<\/div>\n\t\t\t\t\t<\/div>\n\t\t<\/div>\n\t\t\t\t\t<\/div>\n\t\t<\/section>\n\t\t\t\t<section class=\"elementor-section elementor-top-section elementor-element elementor-element-44dac45 elementor-section-boxed elementor-section-height-default elementor-section-height-default\" data-id=\"44dac45\" data-element_type=\"section\" data-e-type=\"section\">\n\t\t\t\t\t\t<div class=\"elementor-container elementor-column-gap-default\">\n\t\t\t\t\t<div class=\"elementor-column elementor-col-100 elementor-top-column elementor-element elementor-element-9eb0f1d\" data-id=\"9eb0f1d\" data-element_type=\"column\" data-e-type=\"column\">\n\t\t\t<div class=\"elementor-widget-wrap elementor-element-populated\">\n\t\t\t\t\t\t<div class=\"elementor-element elementor-element-7f593b0 elementor-widget elementor-widget-heading\" data-id=\"7f593b0\" data-element_type=\"widget\" data-e-type=\"widget\" data-widget_type=\"heading.default\">\n\t\t\t\t<div class=\"elementor-widget-container\">\n\t\t\t\t\t<h4 class=\"elementor-heading-title elementor-size-default\">WIE IS VERANTWOORDELIJK VOOR DE VERWERKING VAN UW PERSOONSGEGEVENS?\n\n\n\n<\/h4>\t\t\t\t<\/div>\n\t\t\t\t<\/div>\n\t\t\t\t<div class=\"elementor-element elementor-element-1f0997d elementor-widget elementor-widget-text-editor\" data-id=\"1f0997d\" data-element_type=\"widget\" data-e-type=\"widget\" data-widget_type=\"text-editor.default\">\n\t\t\t\t<div class=\"elementor-widget-container\">\n\t\t\t\t\t\t\t\t\t<p>De rechtspersoon die uw persoonsgegevens verwerkt, is afhankelijk van de advocaat waarmee u contact hebt opgenomen en is, naargelang:<\/p>\n<p>\n<ul>\n<li>Voor Thales Brussel: CVBA Thales Brussel.<\/li>\n<li>Voor Thales Antwerpen: de advocaat die verantwoordelijk is voor uw zaak.\n<\/li>\n<li>Voor Thales Namen: de advocaat die verantwoordelijk is voor uw zaak.<\/li>\n<\/ul>\n<\/p>\n<p>\nOp deze pagina kunt u de lijst van onze advocaten raadplegen. Alle details over deze rechtspersonen vindt u hier. <a href=\"https:\/\/www.thales.be\/nl\/informations-juridiques\/\">ici.<\/a><\/p>\n<p>\nVoor alle vragen over dit privacybeleid of de uitoefening van uw rechten met betrekking tot uw persoonsgegevens, kunt u contact met ons opnemen per post op het hieronder vermelde adres of per e-mail op het volgende adres: privacy@thales.be. <a href=\"mailto:privacy@thales.be\">privacy@thales.be<\/a>.<\/p>\t\t\t\t\t\t\t\t<\/div>\n\t\t\t\t<\/div>\n\t\t\t\t\t<\/div>\n\t\t<\/div>\n\t\t\t\t\t<\/div>\n\t\t<\/section>\n\t\t\t\t<section class=\"elementor-section elementor-top-section elementor-element elementor-element-507d539 elementor-section-boxed elementor-section-height-default elementor-section-height-default\" data-id=\"507d539\" data-element_type=\"section\" data-e-type=\"section\">\n\t\t\t\t\t\t<div class=\"elementor-container elementor-column-gap-default\">\n\t\t\t\t\t<div class=\"elementor-column elementor-col-100 elementor-top-column elementor-element elementor-element-4c9ab6f\" data-id=\"4c9ab6f\" data-element_type=\"column\" data-e-type=\"column\">\n\t\t\t<div class=\"elementor-widget-wrap elementor-element-populated\">\n\t\t\t\t\t\t<div class=\"elementor-element elementor-element-c80b7f5 elementor-widget elementor-widget-heading\" data-id=\"c80b7f5\" data-element_type=\"widget\" data-e-type=\"widget\" data-widget_type=\"heading.default\">\n\t\t\t\t<div class=\"elementor-widget-container\">\n\t\t\t\t\t<h4 class=\"elementor-heading-title elementor-size-default\">VOOR WELKE DOELEINDEN WORDEN UW GEGEVENS VERWERKT? OVER WELKE GEGEVENS GAAT HET?\n\n\n\n<\/h4>\t\t\t\t<\/div>\n\t\t\t\t<\/div>\n\t\t\t\t<div class=\"elementor-element elementor-element-f265739 elementor-widget elementor-widget-text-editor\" data-id=\"f265739\" data-element_type=\"widget\" data-e-type=\"widget\" data-widget_type=\"text-editor.default\">\n\t\t\t\t<div class=\"elementor-widget-container\">\n\t\t\t\t\t\t\t\t\t<ul><li>Uw verzamelde gegevens kunnen voornamelijk worden gebruikt om u de gevraagde juridische diensten te verlenen, namelijk juridisch advies, bijstand in gerechtelijke of arbitrageprocedures, overeenkomsten, enz. ;<\/li><li>Uw verzamelde gegevens kunnen ook worden gebruikt om informatie met u uit te wisselen en uw vragen te beantwoorden (per post, e-mail, telefoon en anderszins) in het kader van onze juridische dienstverlening, namelijk het opvragen, ontvangen en bespreken van uw instructies, u op de hoogte te houden van de status van uw dossier, de nodige stappen te ondernemen bij derden, autoriteiten of anderen;<\/li><li>Uw verzamelde gegevens kunnen ook worden gebruikt om te voldoen aan de verplichtingen die op ons rusten, zoals onze verplichtingen onder de antiwitwaswet;<\/li><li>Uw verzamelde gegevens kunnen ook worden gebruikt om u via onze nieuwsbrieven en uitnodigingen voor onze seminaries op de hoogte te houden van recent juridisch nieuws of bepaald nieuws met betrekking tot uw activiteiten, om de informatie die we hebben ontvangen te gebruiken om onze database up-to-date te houden. om u beter te begrijpen en om onze mailings en ons serviceaanbod te verbeteren.<\/li><\/ul>\t\t\t\t\t\t\t\t<\/div>\n\t\t\t\t<\/div>\n\t\t\t\t\t<\/div>\n\t\t<\/div>\n\t\t\t\t\t<\/div>\n\t\t<\/section>\n\t\t\t\t<section class=\"elementor-section elementor-top-section elementor-element elementor-element-d42aa80 elementor-section-boxed elementor-section-height-default elementor-section-height-default\" data-id=\"d42aa80\" data-element_type=\"section\" data-e-type=\"section\">\n\t\t\t\t\t\t<div class=\"elementor-container elementor-column-gap-default\">\n\t\t\t\t\t<div class=\"elementor-column elementor-col-100 elementor-top-column elementor-element elementor-element-5b1fbf7\" data-id=\"5b1fbf7\" data-element_type=\"column\" data-e-type=\"column\">\n\t\t\t<div class=\"elementor-widget-wrap elementor-element-populated\">\n\t\t\t\t\t\t<div class=\"elementor-element elementor-element-87f83c0 elementor-widget elementor-widget-heading\" data-id=\"87f83c0\" data-element_type=\"widget\" data-e-type=\"widget\" data-widget_type=\"heading.default\">\n\t\t\t\t<div class=\"elementor-widget-container\">\n\t\t\t\t\t<h4 class=\"elementor-heading-title elementor-size-default\">WAT ZIJN DE RECHTSGRONDSLAGEN VOOR DE VERWERKING VAN UW PERSOONSGEGEVENS?\n\n\n\n\n<\/h4>\t\t\t\t<\/div>\n\t\t\t\t<\/div>\n\t\t\t\t<div class=\"elementor-element elementor-element-6295cfd elementor-widget elementor-widget-text-editor\" data-id=\"6295cfd\" data-element_type=\"widget\" data-e-type=\"widget\" data-widget_type=\"text-editor.default\">\n\t\t\t\t<div class=\"elementor-widget-container\">\n\t\t\t\t\t\t\t\t\t<p>Als u onze klant bent, is onze verwerking van uw persoonsgegevens noodzakelijk voor de uitvoering van het contract dat u met ons bent aangegaan met betrekking tot de levering van juridische diensten door Thales.<\/p><p>Thales verwerkt uw persoonsgegevens ook in overeenstemming met haar wettelijke verplichtingen zoals bijvoorbeeld de wettelijke bepalingen die haar worden opgelegd door de antiwitwaswet.<\/p><p>Bent u een werknemer of zelfstandige medewerker van een van onze opdrachtgevers en heeft onze opdrachtgever u als contactpersoon aangesteld, dan verwerken wij uw persoonsgegevens op basis van het gerechtvaardigd belang van zowel onze opdrachtgever als het onze om contact met u op te nemen in verband met de levering van onze juridische diensten.<\/p><p>Bent u een contactpersoon van onze opdrachtgever en hebben wij uw persoonsgegevens verkregen via onze opdrachtgever, bijvoorbeeld omdat u een deskundige, leverancier, accountant bent of omdat u op een of andere manier samenwerkt met onze klant, dan verwerken wij uw persoonsgegevens op basis van het gerechtvaardigd belang van zowel onze klant als dat van ons om de organisatie van onze dienstverlening ten aanzien van onze klant te verbeteren.<\/p><p>Voor zover wij uw persoonsgegevens hebben verkregen om u juridische diensten te verlenen, zijn wij van mening dat het ook in het legitieme belang van Thales is om uw persoonsgegevens te verwerken om u onze nieuwsbrieven en uitnodigingen voor onze seminars te sturen. Zo houden we u op de hoogte van de laatste juridische ontwikkelingen en alle relevante informatie over Thales, zoals haar werkwijze, nieuwe medewerkers, rechtsgebieden, etc. U kunt te allen tijde en kosteloos bezwaar maken tegen de verwerking van uw persoonsgegevens voor deze doeleinden door onderaan elke nieuwsbrief of uitnodiging op 'uitschrijven' te klikken. In dat geval zullen we u van onze mailinglijst verwijderen.<\/p>\t\t\t\t\t\t\t\t<\/div>\n\t\t\t\t<\/div>\n\t\t\t\t\t<\/div>\n\t\t<\/div>\n\t\t\t\t\t<\/div>\n\t\t<\/section>\n\t\t\t\t<section class=\"elementor-section elementor-top-section elementor-element elementor-element-9a1370c elementor-section-boxed elementor-section-height-default elementor-section-height-default\" data-id=\"9a1370c\" data-element_type=\"section\" data-e-type=\"section\">\n\t\t\t\t\t\t<div class=\"elementor-container elementor-column-gap-default\">\n\t\t\t\t\t<div class=\"elementor-column elementor-col-100 elementor-top-column elementor-element elementor-element-a6b34e4\" data-id=\"a6b34e4\" data-element_type=\"column\" data-e-type=\"column\">\n\t\t\t<div class=\"elementor-widget-wrap elementor-element-populated\">\n\t\t\t\t\t\t<div class=\"elementor-element elementor-element-a6fc0a3 elementor-widget elementor-widget-heading\" data-id=\"a6fc0a3\" data-element_type=\"widget\" data-e-type=\"widget\" data-widget_type=\"heading.default\">\n\t\t\t\t<div class=\"elementor-widget-container\">\n\t\t\t\t\t<h4 class=\"elementor-heading-title elementor-size-default\">WELKE PERSOONSGEGEVENS VERZAMELEN WIJ?\n\n\n\n\n\n<\/h4>\t\t\t\t<\/div>\n\t\t\t\t<\/div>\n\t\t\t\t<div class=\"elementor-element elementor-element-2835025 elementor-widget elementor-widget-text-editor\" data-id=\"2835025\" data-element_type=\"widget\" data-e-type=\"widget\" data-widget_type=\"text-editor.default\">\n\t\t\t\t<div class=\"elementor-widget-container\">\n\t\t\t\t\t\t\t\t\t<p>Wij verwerken de volgende persoonsgegevens:<\/p><ol><li>naam, voornaam, beroep, bedrijfsnaam, bedrijfsadres, rechtsvorm, e-mailadres, (mobiel) telefoonnummer en fax,<\/li><li>nationaliteit, identiteitskaart, rijksregisternummer, btw-nummer, bankgegevens, ondernemingsnummer,<\/li><li>taalvoorkeur, specifieke interesses, lidmaatschappen, activiteitensector, enz.,<\/li><li>gegevens over het dossier of de onderneming: de gegevens over het dossier kunnen gegevens bevatten die betrekking hebben op natuurlijke personen.<\/li><\/ol><p>\u00a0<\/p><p>Deze persoonsgegevens worden niet in een aparte database verwerkt. Deze persoonsgegevens maken deel uit van bestanden die in ons systeem worden verwerkt.<\/p><p>Het verzamelen van sommige van uw persoonsgegevens kan voortvloeien uit een wettelijke verplichting en\/of noodzakelijk zijn voor het sluiten van een overeenkomst met Thales. Het niet verstrekken van uw persoonsgegevens kan ertoe leiden dat de overeenkomst met Thales niet wordt afgesloten of dat Thales zijn juridische diensten niet kan verlenen.<\/p>\t\t\t\t\t\t\t\t<\/div>\n\t\t\t\t<\/div>\n\t\t\t\t\t<\/div>\n\t\t<\/div>\n\t\t\t\t\t<\/div>\n\t\t<\/section>\n\t\t\t\t<section class=\"elementor-section elementor-top-section elementor-element elementor-element-399b7a2 elementor-section-boxed elementor-section-height-default elementor-section-height-default\" data-id=\"399b7a2\" data-element_type=\"section\" data-e-type=\"section\">\n\t\t\t\t\t\t<div class=\"elementor-container elementor-column-gap-default\">\n\t\t\t\t\t<div class=\"elementor-column elementor-col-100 elementor-top-column elementor-element elementor-element-be26315\" data-id=\"be26315\" data-element_type=\"column\" data-e-type=\"column\">\n\t\t\t<div class=\"elementor-widget-wrap elementor-element-populated\">\n\t\t\t\t\t\t<div class=\"elementor-element elementor-element-7583a1c elementor-widget elementor-widget-heading\" data-id=\"7583a1c\" data-element_type=\"widget\" data-e-type=\"widget\" data-widget_type=\"heading.default\">\n\t\t\t\t<div class=\"elementor-widget-container\">\n\t\t\t\t\t<h4 class=\"elementor-heading-title elementor-size-default\">WIE HEEFT TOEGANG TOT UW PERSOONSGEGEVENS?\n\n\n\n\n\n\n<\/h4>\t\t\t\t<\/div>\n\t\t\t\t<\/div>\n\t\t\t\t<div class=\"elementor-element elementor-element-2209eeb elementor-widget elementor-widget-text-editor\" data-id=\"2209eeb\" data-element_type=\"widget\" data-e-type=\"widget\" data-widget_type=\"text-editor.default\">\n\t\t\t\t<div class=\"elementor-widget-container\">\n\t\t\t\t\t\t\t\t\t<p>De leden van uw advocatenkantoor hebben toegang tot uw dossier zodat zij het indien nodig kunnen behandelen.<\/p><p>Wanneer het beheer van uw dossier het vereist, kan de advocaat de informatie van uw dossier ook delen met andere advocaten en actoren uit de justiti\u00eble wereld.<\/p><p>Wanneer de behandeling van uw dossier een (procedurele) handeling vereist buiten Belgi\u00eb, maar binnen de Europese Unie (EU) en op voorwaarde dat u en uw advocaat hiermee instemmen, kan de door uw advocaat over u verzamelde informatie worden gedeeld met gerechtelijke actoren uit andere EU-landen.<\/p>\t\t\t\t\t\t\t\t<\/div>\n\t\t\t\t<\/div>\n\t\t\t\t\t<\/div>\n\t\t<\/div>\n\t\t\t\t\t<\/div>\n\t\t<\/section>\n\t\t\t\t<section class=\"elementor-section elementor-top-section elementor-element elementor-element-ee0ee4a elementor-section-boxed elementor-section-height-default elementor-section-height-default\" data-id=\"ee0ee4a\" data-element_type=\"section\" data-e-type=\"section\">\n\t\t\t\t\t\t<div class=\"elementor-container elementor-column-gap-default\">\n\t\t\t\t\t<div class=\"elementor-column elementor-col-100 elementor-top-column elementor-element elementor-element-57f2a49\" data-id=\"57f2a49\" data-element_type=\"column\" data-e-type=\"column\">\n\t\t\t<div class=\"elementor-widget-wrap elementor-element-populated\">\n\t\t\t\t\t\t<div class=\"elementor-element elementor-element-04b7dbd elementor-widget elementor-widget-heading\" data-id=\"04b7dbd\" data-element_type=\"widget\" data-e-type=\"widget\" data-widget_type=\"heading.default\">\n\t\t\t\t<div class=\"elementor-widget-container\">\n\t\t\t\t\t<h4 class=\"elementor-heading-title elementor-size-default\">WAT ZIJN UW RECHTEN?\n\n\n\n\n\n\n<\/h4>\t\t\t\t<\/div>\n\t\t\t\t<\/div>\n\t\t\t\t<div class=\"elementor-element elementor-element-60fe1e6 elementor-widget elementor-widget-text-editor\" data-id=\"60fe1e6\" data-element_type=\"widget\" data-e-type=\"widget\" data-widget_type=\"text-editor.default\">\n\t\t\t\t<div class=\"elementor-widget-container\">\n\t\t\t\t\t\t\t\t\t<p>U heeft het recht om uw toestemming voor de verwerking en uitwisseling van uw gegevens te geven of in te trekken.<\/p><ul><li>Als u vandaag uw toestemming geeft voor het verzamelen van uw gegevens en de verwerking ervan in uw dossier, kunt u uw toestemming later altijd intrekken. In dit geval zal uw advocaat u uitleggen hoe uw gegevens uit uw dossier worden verwijderd. Het is echter mogelijk dat niet alle gegevens (mogen) worden verwijderd, in het bijzonder gegevens die (kunnen) worden gebruikt om de nodige juridische maatregelen te nemen of om uw rechten te verdedigen in de rechtbank.<\/li><li>U heeft het recht om ge\u00efnformeerd te worden over de doeleinden van de verwerking van uw gegevens waarvoor uw gegevens worden verwerkt en over de personen die toegang hebben tot uw gegevens. Uw advocaat zal u vertellen wie bij de behandeling van uw zaak betrokken zal zijn en wie er toegang toe heeft.<\/li><li>U heeft het recht om te vragen welke informatie over u is opgeslagen en \u2013 indien nodig wanneer bepaalde informatie onjuist is \u2013 om dit te corrigeren.<\/li><li>U heeft het recht om (bepaalde) verwerkte en opgeslagen informatie over u te ontvangen in een draagbaar en leesbaar formaat.<\/li><li>Uw advocaat die rechtstreeks uw gegevens verzamelt, is verantwoordelijk voor de verwerking van deze gegevens.<\/li><li>Uw advocaat heeft de plicht ervoor te zorgen dat uw gegevens veilig worden behandeld en opgeslagen en om u onmiddellijk te informeren als de beveiliging van uw gegevens wordt geschonden of als uw gegevens verloren gaan.<\/li><li>Als u zich zorgen maakt over de manier waarop uw gegevens worden verwerkt, kunt u rechtstreeks contact opnemen met uw advocaat of de Privacycommissie: Drukkersstraat 35, 1000 Brussel, Tel. : <a href=\"tel:022744800\">02 274 48 00<\/a> ou <a href=\"mailto:commissie@privacycommission.be\">commissie@privacycommission.be&gt;<\/a>.<\/li><\/ul>\t\t\t\t\t\t\t\t<\/div>\n\t\t\t\t<\/div>\n\t\t\t\t\t<\/div>\n\t\t<\/div>\n\t\t\t\t\t<\/div>\n\t\t<\/section>\n\t\t\t\t<section class=\"elementor-section elementor-top-section elementor-element elementor-element-3efa742 elementor-section-boxed elementor-section-height-default elementor-section-height-default\" data-id=\"3efa742\" data-element_type=\"section\" data-e-type=\"section\">\n\t\t\t\t\t\t<div class=\"elementor-container elementor-column-gap-default\">\n\t\t\t\t\t<div class=\"elementor-column elementor-col-100 elementor-top-column elementor-element elementor-element-0ab01c1\" data-id=\"0ab01c1\" data-element_type=\"column\" data-e-type=\"column\">\n\t\t\t<div class=\"elementor-widget-wrap elementor-element-populated\">\n\t\t\t\t\t\t<div class=\"elementor-element elementor-element-9fb76dd elementor-widget elementor-widget-heading\" data-id=\"9fb76dd\" data-element_type=\"widget\" data-e-type=\"widget\" data-widget_type=\"heading.default\">\n\t\t\t\t<div class=\"elementor-widget-container\">\n\t\t\t\t\t<h4 class=\"elementor-heading-title elementor-size-default\">HOE LANG BEWAREN WE UW PERSOONSGEGEVENS?\n\n\n\n\n\n\n\n\n<\/h4>\t\t\t\t<\/div>\n\t\t\t\t<\/div>\n\t\t\t\t<div class=\"elementor-element elementor-element-89d1a9a elementor-widget elementor-widget-text-editor\" data-id=\"89d1a9a\" data-element_type=\"widget\" data-e-type=\"widget\" data-widget_type=\"text-editor.default\">\n\t\t\t\t<div class=\"elementor-widget-container\">\n\t\t\t\t\t\t\t\t\t<p>I. Verwerking van persoonsgegevens in het kader van de wettelijke opdracht die u ons toevertrouwt<\/p><p>Wij verwerken uw persoonsgegevens zo lang als nodig is om de wettelijke taak die u ons heeft toevertrouwd te vervullen. Wanneer onze contractuele relatie eindigt, bewaren we deze persoonsgegevens zolang als vereist door onze fiscale, boekhoudkundige of andere wettelijke vereisten.<\/p><p>II. Verwerking van persoonsgegevens voor 'direct marketing'-doeleinden<\/p><p>We zullen uw persoonsgegevens blijven verwerken om u via Thales-nieuwsbrieven en uitnodigingen voor evenementen op de hoogte te houden van het laatste juridische nieuws dat relevant is voor uw bedrijf, zolang u geen bezwaar maakt tegen deze verwerking van uw persoonsgegevens voor deze doeleinden. Als dat het geval is, zullen we u onmiddellijk van onze mailinglijst verwijderen. Dit heeft op geen enkele manier invloed op de verwerking door Thales van uw persoonsgegevens ten behoeve van onze juridische dienstverlening.<\/p>\t\t\t\t\t\t\t\t<\/div>\n\t\t\t\t<\/div>\n\t\t\t\t\t<\/div>\n\t\t<\/div>\n\t\t\t\t\t<\/div>\n\t\t<\/section>\n\t\t\t\t<\/div>","protected":false},"excerpt":{"rendered":"<p>POLITIQUE VIE PRIV\u00c9E Chez Thales, nous accordons une grande importance \u00e0 votre vie priv\u00e9e et \u00e0 la protection de vos donn\u00e9es \u00e0 caract\u00e8re personnel. Cette politique vie priv\u00e9e vous explique quel type de donn\u00e9es nous r\u00e9coltons, pourquoi et comment nous les traitons et avec qui nous les partageons. Il vous sera \u00e9galement expliqu\u00e9 vos droits [&hellip;]<\/p>\n","protected":false},"author":3,"featured_media":0,"parent":0,"menu_order":70,"comment_status":"closed","ping_status":"closed","template":"elementor_header_footer","meta":{"_acf_changed":false,"footnotes":""},"class_list":["post-5879","page","type-page","status-publish","hentry"],"acf":[],"_links":{"self":[{"href":"https:\/\/www.thales.be\/nl\/wp-json\/wp\/v2\/pages\/5879","targetHints":{"allow":["GET"]}}],"collection":[{"href":"https:\/\/www.thales.be\/nl\/wp-json\/wp\/v2\/pages"}],"about":[{"href":"https:\/\/www.thales.be\/nl\/wp-json\/wp\/v2\/types\/page"}],"author":[{"embeddable":true,"href":"https:\/\/www.thales.be\/nl\/wp-json\/wp\/v2\/users\/3"}],"replies":[{"embeddable":true,"href":"https:\/\/www.thales.be\/nl\/wp-json\/wp\/v2\/comments?post=5879"}],"version-history":[{"count":20,"href":"https:\/\/www.thales.be\/nl\/wp-json\/wp\/v2\/pages\/5879\/revisions"}],"predecessor-version":[{"id":6091,"href":"https:\/\/www.thales.be\/nl\/wp-json\/wp\/v2\/pages\/5879\/revisions\/6091"}],"wp:attachment":[{"href":"https:\/\/www.thales.be\/nl\/wp-json\/wp\/v2\/media?parent=5879"}],"curies":[{"name":"wp","href":"https:\/\/api.w.org\/{rel}","templated":true}]}}