{"id":6476,"date":"2023-04-19T15:49:43","date_gmt":"2023-04-19T13:49:43","guid":{"rendered":"https:\/\/www.thales.be\/?page_id=6476"},"modified":"2024-08-20T17:17:34","modified_gmt":"2024-08-20T15:17:34","slug":"avocats-anvers","status":"publish","type":"page","link":"https:\/\/www.thales.be\/en\/avocats-anvers\/","title":{"rendered":"Avocats Anvers"},"content":{"rendered":"<div data-elementor-type=\"wp-page\" data-elementor-id=\"6476\" class=\"elementor elementor-6476\" data-elementor-post-type=\"page\">\n\t\t\t\t\t\t<section class=\"elementor-section elementor-top-section elementor-element elementor-element-1cad0fb elementor-section-boxed elementor-section-height-default elementor-section-height-default\" data-id=\"1cad0fb\" data-element_type=\"section\" data-e-type=\"section\">\n\t\t\t\t\t\t<div class=\"elementor-container elementor-column-gap-default\">\n\t\t\t\t\t<div class=\"elementor-column elementor-col-100 elementor-top-column elementor-element elementor-element-5533ef5\" data-id=\"5533ef5\" data-element_type=\"column\" data-e-type=\"column\">\n\t\t\t<div class=\"elementor-widget-wrap elementor-element-populated\">\n\t\t\t\t\t\t<div class=\"elementor-element elementor-element-0110f95 elementor-widget elementor-widget-heading\" data-id=\"0110f95\" data-element_type=\"widget\" data-e-type=\"widget\" data-widget_type=\"heading.default\">\n\t\t\t\t<div class=\"elementor-widget-container\">\n\t\t\t\t\t<h2 class=\"elementor-heading-title elementor-size-default\">LAWYERS |\u00a0THALES ANTWERP <\/h2>\t\t\t\t<\/div>\n\t\t\t\t<\/div>\n\t\t\t\t<div class=\"elementor-element elementor-element-5a9a606 elementor-hidden-desktop elementor-hidden-tablet elementor-hidden-mobile elementor-widget elementor-widget-text-editor\" data-id=\"5a9a606\" data-element_type=\"widget\" data-e-type=\"widget\" data-widget_type=\"text-editor.default\">\n\t\t\t\t<div class=\"elementor-widget-container\">\n\t\t\t\t\t\t\t\t\tTHALES conseille les entreprises, les institutions publiques et priv\u00e9es, ainsi que les particuliers dans tous les domaines juridiques importants et assure la d\u00e9fense de leurs int\u00e9r\u00eats devant les instances judiciaires et administratives belges et europ\u00e9ennes, ainsi que dans le cadre des modes alternatifs de r\u00e8glement des litiges.\t\t\t\t\t\t\t\t<\/div>\n\t\t\t\t<\/div>\n\t\t\t\t\t<\/div>\n\t\t<\/div>\n\t\t\t\t\t<\/div>\n\t\t<\/section>\n\t\t<div class=\"elementor-element elementor-element-61df930 e-flex e-con-boxed e-con e-parent\" data-id=\"61df930\" data-element_type=\"container\" data-e-type=\"container\" data-settings=\"{&quot;background_background&quot;:&quot;classic&quot;}\">\n\t\t\t\t\t<div class=\"e-con-inner\">\n\t\t<div class=\"elementor-element elementor-element-16e1e08 e-con-full e-flex e-con e-child\" data-id=\"16e1e08\" data-element_type=\"container\" data-e-type=\"container\">\n\t\t\t\t<div class=\"elementor-element elementor-element-9976639 elementor-grid-5 elementor-grid-mobile-2 elementor-posts--align-left elementor-grid-tablet-2 elementor-posts--thumbnail-top elementor-widget elementor-widget-posts\" data-id=\"9976639\" data-element_type=\"widget\" data-e-type=\"widget\" data-settings=\"{&quot;classic_columns&quot;:&quot;5&quot;,&quot;classic_row_gap&quot;:{&quot;unit&quot;:&quot;px&quot;,&quot;size&quot;:&quot;32&quot;,&quot;sizes&quot;:[]},&quot;classic_columns_mobile&quot;:&quot;2&quot;,&quot;classic_row_gap_mobile&quot;:{&quot;unit&quot;:&quot;px&quot;,&quot;size&quot;:&quot;32&quot;,&quot;sizes&quot;:[]},&quot;classic_columns_tablet&quot;:&quot;2&quot;,&quot;classic_row_gap_tablet&quot;:{&quot;unit&quot;:&quot;px&quot;,&quot;size&quot;:&quot;&quot;,&quot;sizes&quot;:[]}}\" data-widget_type=\"posts.classic\">\n\t\t\t\t<div class=\"elementor-widget-container\">\n\t\t\t\t\t\t\t<div class=\"elementor-posts-container elementor-posts elementor-posts--skin-classic elementor-grid\" role=\"list\">\n\t\t\t\t<article class=\"elementor-post elementor-grid-item post-6254 avocat type-avocat status-publish has-post-thumbnail hentry category-advocaten category-anvers category-avocats\" role=\"listitem\">\n\t\t\t\t<a class=\"elementor-post__thumbnail__link\" href=\"https:\/\/www.thales.be\/en\/avocat\/jean-hendrickx\/\" tabindex=\"-1\" >\n\t\t\t<div class=\"elementor-post__thumbnail\"><img fetchpriority=\"high\" decoding=\"async\" width=\"300\" height=\"300\" src=\"https:\/\/www.thales.be\/wp-content\/uploads\/2023\/01\/0047-JEAN-HENDRICKX-ADVOCAAT-Partner-min-e1713884083951-300x300.jpg\" class=\"attachment-medium size-medium wp-image-6891\" alt=\"\" \/><\/div>\n\t\t<\/a>\n\t\t\t\t<div class=\"elementor-post__text\">\n\t\t\t\t<h3 class=\"elementor-post__title\">\n\t\t\t<a href=\"https:\/\/www.thales.be\/en\/avocat\/jean-hendrickx\/\" >\n\t\t\t\tJean Hendrickx\t\t\t<\/a>\n\t\t<\/h3>\n\t\t\t\t<\/div>\n\t\t\t\t<\/article>\n\t\t\t\t<article class=\"elementor-post elementor-grid-item post-6255 avocat type-avocat status-publish has-post-thumbnail hentry category-advocaten category-anvers category-avocats\" role=\"listitem\">\n\t\t\t\t<a class=\"elementor-post__thumbnail__link\" href=\"https:\/\/www.thales.be\/en\/avocat\/pieter-mattheessens\/\" tabindex=\"-1\" >\n\t\t\t<div class=\"elementor-post__thumbnail\"><img decoding=\"async\" width=\"300\" height=\"300\" src=\"https:\/\/www.thales.be\/wp-content\/uploads\/2023\/01\/0092-PIETER-MATTHEESSENS-ADVOCAAT-Partner-min-e1713882092382-300x300.jpg\" class=\"attachment-medium size-medium wp-image-6892\" alt=\"\" \/><\/div>\n\t\t<\/a>\n\t\t\t\t<div class=\"elementor-post__text\">\n\t\t\t\t<h3 class=\"elementor-post__title\">\n\t\t\t<a href=\"https:\/\/www.thales.be\/en\/avocat\/pieter-mattheessens\/\" >\n\t\t\t\tPieter Mattheessens\t\t\t<\/a>\n\t\t<\/h3>\n\t\t\t\t<\/div>\n\t\t\t\t<\/article>\n\t\t\t\t<article class=\"elementor-post elementor-grid-item post-6249 avocat type-avocat status-publish has-post-thumbnail hentry category-advocaten category-anvers category-avocats\" role=\"listitem\">\n\t\t\t\t<a class=\"elementor-post__thumbnail__link\" href=\"https:\/\/www.thales.be\/en\/avocat\/christophe-vangeel\/\" tabindex=\"-1\" >\n\t\t\t<div class=\"elementor-post__thumbnail\"><img decoding=\"async\" width=\"1\" height=\"1\" src=\"https:\/\/www.thales.be\/wp-content\/uploads\/2023\/01\/0098-CHRISTOPHE-VANGEEL-ADVOCAAT-Partner-min-1.jpg\" class=\"attachment-medium size-medium wp-image-6893\" alt=\"\" \/><\/div>\n\t\t<\/a>\n\t\t\t\t<div class=\"elementor-post__text\">\n\t\t\t\t<h3 class=\"elementor-post__title\">\n\t\t\t<a href=\"https:\/\/www.thales.be\/en\/avocat\/christophe-vangeel\/\" >\n\t\t\t\tChristophe Vangeel\t\t\t<\/a>\n\t\t<\/h3>\n\t\t\t\t<\/div>\n\t\t\t\t<\/article>\n\t\t\t\t<article class=\"elementor-post elementor-grid-item post-6252 avocat type-avocat status-publish has-post-thumbnail hentry category-advocaten category-anvers category-avocats\" role=\"listitem\">\n\t\t\t\t<a class=\"elementor-post__thumbnail__link\" href=\"https:\/\/www.thales.be\/en\/avocat\/joris-dierckxsens\/\" tabindex=\"-1\" >\n\t\t\t<div class=\"elementor-post__thumbnail\"><img loading=\"lazy\" decoding=\"async\" width=\"300\" height=\"300\" src=\"https:\/\/www.thales.be\/wp-content\/uploads\/2023\/01\/0062-JORIS-DIERCKXSENS-ADVOCAAT-Associate-min-e1713882413254-300x300.jpg\" class=\"attachment-medium size-medium wp-image-6894\" alt=\"\" \/><\/div>\n\t\t<\/a>\n\t\t\t\t<div class=\"elementor-post__text\">\n\t\t\t\t<h3 class=\"elementor-post__title\">\n\t\t\t<a href=\"https:\/\/www.thales.be\/en\/avocat\/joris-dierckxsens\/\" >\n\t\t\t\tJoris Dierckxsens\t\t\t<\/a>\n\t\t<\/h3>\n\t\t\t\t<\/div>\n\t\t\t\t<\/article>\n\t\t\t\t<article class=\"elementor-post elementor-grid-item post-6253 avocat type-avocat status-publish has-post-thumbnail hentry category-advocaten category-anvers category-avocats\" role=\"listitem\">\n\t\t\t\t<a class=\"elementor-post__thumbnail__link\" href=\"https:\/\/www.thales.be\/en\/avocat\/jean-francois-missal\/\" tabindex=\"-1\" >\n\t\t\t<div class=\"elementor-post__thumbnail\"><img loading=\"lazy\" decoding=\"async\" width=\"300\" height=\"300\" src=\"https:\/\/www.thales.be\/wp-content\/uploads\/2023\/01\/0059-JEAN-FRANCOIS-MISSAL-ADVOCAAT-Senior-Associate-min-e1713882847682-300x300.jpg\" class=\"attachment-medium size-medium wp-image-6895\" alt=\"\" \/><\/div>\n\t\t<\/a>\n\t\t\t\t<div class=\"elementor-post__text\">\n\t\t\t\t<h3 class=\"elementor-post__title\">\n\t\t\t<a href=\"https:\/\/www.thales.be\/en\/avocat\/jean-francois-missal\/\" >\n\t\t\t\tJean-Fran\u00e7ois Missal\t\t\t<\/a>\n\t\t<\/h3>\n\t\t\t\t<\/div>\n\t\t\t\t<\/article>\n\t\t\t\t<article class=\"elementor-post elementor-grid-item post-6251 avocat type-avocat status-publish has-post-thumbnail hentry category-advocaten category-anvers category-avocats\" role=\"listitem\">\n\t\t\t\t<a class=\"elementor-post__thumbnail__link\" href=\"https:\/\/www.thales.be\/en\/avocat\/geert-van-passel\/\" tabindex=\"-1\" >\n\t\t\t<div class=\"elementor-post__thumbnail\"><img loading=\"lazy\" decoding=\"async\" width=\"300\" height=\"300\" src=\"https:\/\/www.thales.be\/wp-content\/uploads\/2023\/01\/0149-GEERT-VAN-PASSEL-ADVOCAAT-Associate-min-e1713883890753-300x300.jpg\" class=\"attachment-medium size-medium wp-image-6897\" alt=\"\" \/><\/div>\n\t\t<\/a>\n\t\t\t\t<div class=\"elementor-post__text\">\n\t\t\t\t<h3 class=\"elementor-post__title\">\n\t\t\t<a href=\"https:\/\/www.thales.be\/en\/avocat\/geert-van-passel\/\" >\n\t\t\t\tGeert Van Passel\t\t\t<\/a>\n\t\t<\/h3>\n\t\t\t\t<\/div>\n\t\t\t\t<\/article>\n\t\t\t\t<article class=\"elementor-post elementor-grid-item post-7523 avocat type-avocat status-publish has-post-thumbnail hentry category-advocaten category-anvers category-avocats category-lawyers tag-anvers\" role=\"listitem\">\n\t\t\t\t<a class=\"elementor-post__thumbnail__link\" href=\"https:\/\/www.thales.be\/en\/avocat\/eric-boon\/\" tabindex=\"-1\" >\n\t\t\t<div class=\"elementor-post__thumbnail\"><img loading=\"lazy\" decoding=\"async\" width=\"300\" height=\"300\" src=\"https:\/\/www.thales.be\/wp-content\/uploads\/2026\/03\/0009-ERIC-BOON-ADVOCAAT-Associate-scaled-e1774968910105-300x300.jpg\" class=\"attachment-medium size-medium wp-image-7524\" alt=\"\" srcset=\"https:\/\/www.thales.be\/wp-content\/uploads\/2026\/03\/0009-ERIC-BOON-ADVOCAAT-Associate-scaled-e1774968910105-300x300.jpg 300w, https:\/\/www.thales.be\/wp-content\/uploads\/2026\/03\/0009-ERIC-BOON-ADVOCAAT-Associate-scaled-e1774968910105-1024x1024.jpg 1024w, https:\/\/www.thales.be\/wp-content\/uploads\/2026\/03\/0009-ERIC-BOON-ADVOCAAT-Associate-scaled-e1774968910105-150x150.jpg 150w, https:\/\/www.thales.be\/wp-content\/uploads\/2026\/03\/0009-ERIC-BOON-ADVOCAAT-Associate-scaled-e1774968910105-768x768.jpg 768w, https:\/\/www.thales.be\/wp-content\/uploads\/2026\/03\/0009-ERIC-BOON-ADVOCAAT-Associate-scaled-e1774968910105-12x12.jpg 12w, https:\/\/www.thales.be\/wp-content\/uploads\/2026\/03\/0009-ERIC-BOON-ADVOCAAT-Associate-scaled-e1774968910105.jpg 1365w\" sizes=\"(max-width: 300px) 100vw, 300px\" \/><\/div>\n\t\t<\/a>\n\t\t\t\t<div class=\"elementor-post__text\">\n\t\t\t\t<h3 class=\"elementor-post__title\">\n\t\t\t<a href=\"https:\/\/www.thales.be\/en\/avocat\/eric-boon\/\" >\n\t\t\t\tEric Boon\t\t\t<\/a>\n\t\t<\/h3>\n\t\t\t\t<\/div>\n\t\t\t\t<\/article>\n\t\t\t\t<\/div>\n\t\t\n\t\t\t\t\t\t<\/div>\n\t\t\t\t<\/div>\n\t\t\t\t<\/div>\n\t\t\t\t\t<\/div>\n\t\t\t\t<\/div>\n\t\t<div class=\"elementor-element elementor-element-da41261 e-grid e-con-boxed e-con e-parent\" data-id=\"da41261\" data-element_type=\"container\" data-e-type=\"container\" data-settings=\"{&quot;background_background&quot;:&quot;classic&quot;}\">\n\t\t\t\t\t<div class=\"e-con-inner\">\n\t\t\t\t<div class=\"elementor-element elementor-element-609f573 elementor-widget elementor-widget-image\" data-id=\"609f573\" data-element_type=\"widget\" data-e-type=\"widget\" data-widget_type=\"image.default\">\n\t\t\t\t<div class=\"elementor-widget-container\">\n\t\t\t\t\t\t\t\t\t\t\t\t<figure class=\"wp-caption\">\n\t\t\t\t\t\t\t\t\t\t<img decoding=\"async\" src=\"https:\/\/www.thales.be\/wp-content\/uploads\/elementor\/thumbs\/0030-GIZEM-DAGLIOGLU-SUPPORT-STAFF-min-e1715679861667-qo5671cgncddnmwd905ah5gqtfshuiut5mmpn6o6og.jpg\" title=\"0030 GIZEM DAGLIOGLU &#8211; SUPPORT STAFF-min\" alt=\"0030 GIZEM DAGLIOGLU - SUPPORT STAFF-min\" loading=\"lazy\" \/>\t\t\t\t\t\t\t\t\t\t\t<figcaption class=\"widget-image-caption wp-caption-text\">Gizem Daglioglu - SUPPORT STAFF<\/figcaption>\n\t\t\t\t\t\t\t\t\t\t<\/figure>\n\t\t\t\t\t\t\t\t\t<\/div>\n\t\t\t\t<\/div>\n\t\t\t\t<div class=\"elementor-element elementor-element-6dc3014 elementor-widget elementor-widget-image\" data-id=\"6dc3014\" data-element_type=\"widget\" data-e-type=\"widget\" data-widget_type=\"image.default\">\n\t\t\t\t<div class=\"elementor-widget-container\">\n\t\t\t\t\t\t\t\t\t\t\t\t<figure class=\"wp-caption\">\n\t\t\t\t\t\t\t\t\t\t<img decoding=\"async\" src=\"https:\/\/www.thales.be\/wp-content\/uploads\/elementor\/thumbs\/0051-BIRGIT-VERMEULEN-SUPPORT-STAFF-min-2-e1715679837255-qo566esc3bihwzt4wqe8tb5ok6vopsd92iz24jlmts.jpg\" title=\"0051 BIRGIT VERMEULEN &#8211; SUPPORT STAFF-min\" alt=\"0051 BIRGIT VERMEULEN - SUPPORT STAFF-min\" loading=\"lazy\" \/>\t\t\t\t\t\t\t\t\t\t\t<figcaption class=\"widget-image-caption wp-caption-text\">Birgit Vermeulen - SUPPORT STAFF<\/figcaption>\n\t\t\t\t\t\t\t\t\t\t<\/figure>\n\t\t\t\t\t\t\t\t\t<\/div>\n\t\t\t\t<\/div>\n\t\t\t\t\t<\/div>\n\t\t\t\t<\/div>\n\t\t\t\t<\/div>","protected":false},"excerpt":{"rendered":"<p>\/*! elementor &#8211; v3.23.0 &#8211; 05-08-2024 *\/ .elementor-heading-title{padding:0;margin:0;line-height:1}.elementor-widget-heading .elementor-heading-title[class*=elementor-size-]&gt;a{color:inherit;font-size:inherit;line-height:inherit}.elementor-widget-heading .elementor-heading-title.elementor-size-small{font-size:15px}.elementor-widget-heading .elementor-heading-title.elementor-size-medium{font-size:19px}.elementor-widget-heading .elementor-heading-title.elementor-size-large{font-size:29px}.elementor-widget-heading .elementor-heading-title.elementor-size-xl{font-size:39px}.elementor-widget-heading .elementor-heading-title.elementor-size-xxl{font-size:59px} AVOCATS |\u00a0THALES ANVERS THALES conseille les entreprises, les institutions publiques et<\/p>\n","protected":false},"author":8,"featured_media":0,"parent":0,"menu_order":10,"comment_status":"closed","ping_status":"closed","template":"elementor_header_footer","meta":{"_acf_changed":false,"footnotes":""},"class_list":["post-6476","page","type-page","status-publish","hentry"],"acf":[],"_links":{"self":[{"href":"https:\/\/www.thales.be\/en\/wp-json\/wp\/v2\/pages\/6476","targetHints":{"allow":["GET"]}}],"collection":[{"href":"https:\/\/www.thales.be\/en\/wp-json\/wp\/v2\/pages"}],"about":[{"href":"https:\/\/www.thales.be\/en\/wp-json\/wp\/v2\/types\/page"}],"author":[{"embeddable":true,"href":"https:\/\/www.thales.be\/en\/wp-json\/wp\/v2\/users\/8"}],"replies":[{"embeddable":true,"href":"https:\/\/www.thales.be\/en\/wp-json\/wp\/v2\/comments?post=6476"}],"version-history":[{"count":10,"href":"https:\/\/www.thales.be\/en\/wp-json\/wp\/v2\/pages\/6476\/revisions"}],"predecessor-version":[{"id":7027,"href":"https:\/\/www.thales.be\/en\/wp-json\/wp\/v2\/pages\/6476\/revisions\/7027"}],"wp:attachment":[{"href":"https:\/\/www.thales.be\/en\/wp-json\/wp\/v2\/media?parent=6476"}],"curies":[{"name":"wp","href":"https:\/\/api.w.org\/{rel}","templated":true}]}}