{"id":5898,"date":"2022-10-24T12:20:24","date_gmt":"2022-10-24T10:20:24","guid":{"rendered":"https:\/\/www.thales.be\/?page_id=5898"},"modified":"2022-10-24T16:12:10","modified_gmt":"2022-10-24T14:12:10","slug":"politique-utilisation-des-cookies","status":"publish","type":"page","link":"https:\/\/www.thales.be\/en\/politique-utilisation-des-cookies\/","title":{"rendered":"Politique d&rsquo;utilisation des cookies"},"content":{"rendered":"\t\t<div data-elementor-type=\"wp-page\" data-elementor-id=\"5898\" class=\"elementor elementor-5898\" data-elementor-post-type=\"page\">\n\t\t\t\t\t\t<section class=\"elementor-section elementor-top-section elementor-element elementor-element-3d27c24 elementor-section-boxed elementor-section-height-default elementor-section-height-default\" data-id=\"3d27c24\" data-element_type=\"section\" data-e-type=\"section\">\n\t\t\t\t\t\t<div class=\"elementor-container elementor-column-gap-default\">\n\t\t\t\t\t<div class=\"elementor-column elementor-col-100 elementor-top-column elementor-element elementor-element-ff7b042\" data-id=\"ff7b042\" data-element_type=\"column\" data-e-type=\"column\">\n\t\t\t<div class=\"elementor-widget-wrap elementor-element-populated\">\n\t\t\t\t\t\t<div class=\"elementor-element elementor-element-a16b3f4 elementor-widget elementor-widget-heading\" data-id=\"a16b3f4\" data-element_type=\"widget\" data-e-type=\"widget\" data-widget_type=\"heading.default\">\n\t\t\t\t<div class=\"elementor-widget-container\">\n\t\t\t\t\t<h2 class=\"elementor-heading-title elementor-size-default\">POLITIQUE D'UTILISATION DES COOKIES<\/h2>\t\t\t\t<\/div>\n\t\t\t\t<\/div>\n\t\t\t\t<div class=\"elementor-element elementor-element-8ea1d91 elementor-widget elementor-widget-text-editor\" data-id=\"8ea1d91\" data-element_type=\"widget\" data-e-type=\"widget\" data-widget_type=\"text-editor.default\">\n\t\t\t\t<div class=\"elementor-widget-container\">\n\t\t\t\t\t\t\t\t\t<p>Le site <a href=\"https:\/\/www.thales.be\">www.thales.be<\/a> utilise des cookies. Un cookie est un petit fichier enregistr\u00e9 sur votre ordinateur ou votre t\u00e9l\u00e9phone mobile qui poss\u00e8de un identifiant unique attribu\u00e9 \u00e0 votre appareil. Ce fichier est automatiquement stock\u00e9 par le navigateur de l\u2019utilisateur et retransmis au serveur \u00e0 chaque fois que l\u2019utilisateur acc\u00e8de \u00e0 la m\u00eame page internet. Le cookie permet au site de se souvenir de vos actions (ex : page consult\u00e9e, heure de consultation) et de vos pr\u00e9f\u00e9rences (ex : localisation, langue utilis\u00e9e) pendant une p\u00e9riode donn\u00e9e et peuvent \u00e9galement aider \u00e0 personnaliser votre exp\u00e9rience de navigation. Par cons\u00e9quent, pour une utilisation simplifi\u00e9e et compl\u00e8te de ce site, il serait souhaitable que les utilisateurs configurent leur navigateur de fa\u00e7on \u00e0 ce qu\u2019ils acceptent la r\u00e9ception des cookies.<\/p><p>Tous les cookies ne contiennent pas des informations personnelles. Lorsque c\u2019est le cas, ces informations sont trait\u00e9es conform\u00e9ment \u00e0 notre Politique Vie Priv\u00e9e [disponible sur le site].<\/p>\t\t\t\t\t\t\t\t<\/div>\n\t\t\t\t<\/div>\n\t\t\t\t\t<\/div>\n\t\t<\/div>\n\t\t\t\t\t<\/div>\n\t\t<\/section>\n\t\t\t\t<section class=\"elementor-section elementor-top-section elementor-element elementor-element-44dac45 elementor-section-boxed elementor-section-height-default elementor-section-height-default\" data-id=\"44dac45\" data-element_type=\"section\" data-e-type=\"section\">\n\t\t\t\t\t\t<div class=\"elementor-container elementor-column-gap-default\">\n\t\t\t\t\t<div class=\"elementor-column elementor-col-100 elementor-top-column elementor-element elementor-element-9eb0f1d\" data-id=\"9eb0f1d\" data-element_type=\"column\" data-e-type=\"column\">\n\t\t\t<div class=\"elementor-widget-wrap elementor-element-populated\">\n\t\t\t\t\t\t<div class=\"elementor-element elementor-element-7f593b0 elementor-widget elementor-widget-heading\" data-id=\"7f593b0\" data-element_type=\"widget\" data-e-type=\"widget\" data-widget_type=\"heading.default\">\n\t\t\t\t<div class=\"elementor-widget-container\">\n\t\t\t\t\t<h4 class=\"elementor-heading-title elementor-size-default\">Type de cookies et gestion\n\n\n\n<\/h4>\t\t\t\t<\/div>\n\t\t\t\t<\/div>\n\t\t\t\t<div class=\"elementor-element elementor-element-1f0997d elementor-widget elementor-widget-text-editor\" data-id=\"1f0997d\" data-element_type=\"widget\" data-e-type=\"widget\" data-widget_type=\"text-editor.default\">\n\t\t\t\t<div class=\"elementor-widget-container\">\n\t\t\t\t\t\t\t\t\t<p>Thales utilise plusieurs types de cookies :<\/p><ol><li><b>Les cookies strictement n\u00e9cessaires<\/b> : Ils sont n\u00e9cessaires pour le fonctionnement du site web et \u00e0 l\u2019utilisation de ses fonctions. Par cons\u00e9quent, il n\u2019est pas possible de refuser ces cookies si vous voulez visiter notre site internet.<br \/><br \/><\/li><li><b>Les cookies analytiques \/ de performance<\/b> : Ils permettent de recueillir des informations sur l\u2019efficacit\u00e9 des r\u00e9ponses d\u2019un site web aux demandes des utilisateurs, dans le seul but d\u2019am\u00e9liorer les fonctionnalit\u00e9s du site ; par exemple, quelles sont les pages visit\u00e9es par l\u2019utilisateur, les erreurs ou les retards dans l\u2019ouverture des pages web, reconna\u00eetre et compter le nombre de visiteurs et voir comment les visiteurs se d\u00e9placent sur le site lorsqu\u2019ils l\u2019utilisent. Dans ce cadre, Thales utilise Google Analytics sur son site, un service d\u2019analyse Web de Google Inc. (\u00ab Google \u00bb). Les informations relatives \u00e0 votre utilisation de ce site Internet obtenues par les cookies sont transmises en r\u00e8gle g\u00e9n\u00e9rale \u00e0 un serveur de Google situ\u00e9 au \u00c9tats-Unis et y sont enregistr\u00e9es. Dans le cas de l\u2019activation de l\u2019anonymisation de l\u2019IP de ce site Internet, votre adresse IP est toutefois abr\u00e9g\u00e9e au pr\u00e9alable par Google au sein des \u00c9tats membres de l\u2019Union europ\u00e9enne. L\u2019adresse IP int\u00e9grale n\u2019est transmise \u00e0 un serveur de Google situ\u00e9 au \u00c9tats-Unis et n\u2019y est abr\u00e9g\u00e9e que dans des cas exceptionnels. Sur l\u2019ordre de l\u2019exploitant de ce site Internet, Google utilise ces informations pour \u00e9valuer votre utilisation du site Internet, pour composer des rapports sur les activit\u00e9s du site Internet et pour fournir d\u2019autres prestations de services li\u00e9es \u00e0 l\u2019utilisation du site Internet. L\u2019adresse IP transmise par votre navigateur dans le cadre de Google Analytics n\u2019est pas recoup\u00e9e avec d\u2019autres donn\u00e9es de Google.<br \/><br \/><table border=\"1\"><tbody><tr><td width=\"18%\"><strong>Nom du cookie<\/strong><\/td><td width=\"51%\"><strong>Finalit\u00e9s de traitement et donn\u00e9es trait\u00e9es<\/strong><\/td><td width=\"29%\"><strong>Dur\u00e9e de conservation <\/strong><\/td><\/tr><tr><td width=\"18%\"><p>_ga<\/p><p>(Google Analytics)<\/p><\/td><td width=\"51%\">Ce cookie cr\u00e9e un identifiant d\u2019utilisateur al\u00e9atoires pour les visiteurs du site. Ce cookie permet de calculer les donn\u00e9es de session de ces visiteurs pour les rapports d\u2019analyse des sites. Ce cookie ne collecte pas de donn\u00e9es \u00e0 caract\u00e8re personnel.<\/td><td width=\"29%\">2 ans<\/td><\/tr><tr><td width=\"18%\"><p>_gid<\/p><p>(Google Analytics)<\/p><\/td><td width=\"51%\">Ce cookie a pour but de regrouper le parcours de l\u2019utilisateur sur le site pour chaque session.<\/td><td width=\"29%\">24 heures<\/td><\/tr><tr><td width=\"18%\"><p>_gat<\/p><p>(Google Analytics)<\/p><\/td><td width=\"51%\">Ce cookie a pour but de r\u00e9guler du d\u00e9bit \/ limiter le taux de demande en limitant la collecte de donn\u00e9es sur les sites \u00e0 trafic \u00e9lev\u00e9<\/td><td width=\"29%\">10 minutes<\/td><\/tr><\/tbody><\/table><p>\u00a0<\/p><\/li><li><b>Les cookies de fonctionnalit\u00e9<\/b> : Ils permettent au site de se souvenir des choix effectu\u00e9s par l\u2019utilisateur et de vous reconna\u00eetre lorsque vous revenez sur notre site afin de fournir un service meilleur et plus personnalis\u00e9 ; par exemple, ils peuvent \u00eatre utilis\u00e9s pour reconna\u00eetre votre pr\u00e9f\u00e9rence linguistique.<br \/><br \/><table border=\"1\"><tbody><tr><td width=\"18%\"><strong>Nom du cookie<\/strong><\/td><td width=\"51%\"><strong>Finalit\u00e9s<\/strong><\/td><td width=\"29%\"><strong>Dur\u00e9e de conservation<\/strong><\/td><\/tr><tr><td width=\"18%\">pll_language<\/td><td width=\"51%\">Ce cookie enregistre les pr\u00e9f\u00e9rences linguistiques du visiteur afin que le site Web soit affich\u00e9 dans la bonne langue<\/td><td width=\"29%\">1 an<\/td><\/tr><\/tbody><\/table><p>\u00a0<\/p><\/li><li><b>Les cookies de tiers<\/b> : Thales n&rsquo;utilise aucun cookies plac\u00e9 par des tiers ou en leurs noms.<\/li><\/ol>\t\t\t\t\t\t\t\t<\/div>\n\t\t\t\t<\/div>\n\t\t\t\t\t<\/div>\n\t\t<\/div>\n\t\t\t\t\t<\/div>\n\t\t<\/section>\n\t\t\t\t<section class=\"elementor-section elementor-top-section elementor-element elementor-element-9ccd944 elementor-section-boxed elementor-section-height-default elementor-section-height-default\" data-id=\"9ccd944\" data-element_type=\"section\" data-e-type=\"section\">\n\t\t\t\t\t\t<div class=\"elementor-container elementor-column-gap-default\">\n\t\t\t\t\t<div class=\"elementor-column elementor-col-100 elementor-top-column elementor-element elementor-element-0926f94\" data-id=\"0926f94\" data-element_type=\"column\" data-e-type=\"column\">\n\t\t\t<div class=\"elementor-widget-wrap elementor-element-populated\">\n\t\t\t\t\t\t<div class=\"elementor-element elementor-element-3024a96 elementor-widget elementor-widget-heading\" data-id=\"3024a96\" data-element_type=\"widget\" data-e-type=\"widget\" data-widget_type=\"heading.default\">\n\t\t\t\t<div class=\"elementor-widget-container\">\n\t\t\t\t\t<h4 class=\"elementor-heading-title elementor-size-default\">D\u00e9sactiver les cookies (opt-out)<\/h4>\t\t\t\t<\/div>\n\t\t\t\t<\/div>\n\t\t\t\t<div class=\"elementor-element elementor-element-db6103f elementor-widget elementor-widget-text-editor\" data-id=\"db6103f\" data-element_type=\"widget\" data-e-type=\"widget\" data-widget_type=\"text-editor.default\">\n\t\t\t\t<div class=\"elementor-widget-container\">\n\t\t\t\t\t\t\t\t\t<p>Vous pouvez bloquer les cookies en activant le param\u00e8tre de votre navigateur qui vous permet de refuser le param\u00e9trage de tout ou partie des cookies (y compris les cookies essentiels). En cas de d\u00e9sactivation des cookies, vous ne pourrez peut-\u00eatre pas acc\u00e9der \u00e0 tout ou partie de notre site.<\/p><p>La dur\u00e9e de conservation des informations collect\u00e9es par les cookies est automatiquement permanente. Toutefois, vous avez la possibilit\u00e9 de supprimer les cookies d\u00e9j\u00e0 enregistr\u00e9s sur l\u2019historique de votre navigateur, via la rubrique \u00ab Outils \u00bb ou \u00ab Options internet \u00bb de votre navigateur en cliquant sur \u00ab supprimer l\u2019historique de navigation \u00bb (Internet Explorer et Mozilla Firefox) ou \u00ab effacer les donn\u00e9es de navigation \u00bb (Google Chrome).<\/p>\t\t\t\t\t\t\t\t<\/div>\n\t\t\t\t<\/div>\n\t\t\t\t\t<\/div>\n\t\t<\/div>\n\t\t\t\t\t<\/div>\n\t\t<\/section>\n\t\t\t\t<section class=\"elementor-section elementor-top-section elementor-element elementor-element-3efa742 elementor-section-boxed elementor-section-height-default elementor-section-height-default\" data-id=\"3efa742\" data-element_type=\"section\" data-e-type=\"section\">\n\t\t\t\t\t\t<div class=\"elementor-container elementor-column-gap-default\">\n\t\t\t\t\t<div class=\"elementor-column elementor-col-100 elementor-top-column elementor-element elementor-element-0ab01c1\" data-id=\"0ab01c1\" data-element_type=\"column\" data-e-type=\"column\">\n\t\t\t<div class=\"elementor-widget-wrap elementor-element-populated\">\n\t\t\t\t\t\t<div class=\"elementor-element elementor-element-9fb76dd elementor-widget elementor-widget-heading\" data-id=\"9fb76dd\" data-element_type=\"widget\" data-e-type=\"widget\" data-widget_type=\"heading.default\">\n\t\t\t\t<div class=\"elementor-widget-container\">\n\t\t\t\t\t<h4 class=\"elementor-heading-title elementor-size-default\">Nous contacter\n\n\n\n\n\n\n\n<\/h4>\t\t\t\t<\/div>\n\t\t\t\t<\/div>\n\t\t\t\t<div class=\"elementor-element elementor-element-89d1a9a elementor-widget elementor-widget-text-editor\" data-id=\"89d1a9a\" data-element_type=\"widget\" data-e-type=\"widget\" data-widget_type=\"text-editor.default\">\n\t\t\t\t<div class=\"elementor-widget-container\">\n\t\t\t\t\t\t\t\t\tSi vous avez des questions, remarques ou r\u00e9clamations relatives \u00e0 cette Politique, ou le traitement de vos donn\u00e9es personnelles, veuillez-nous contacter \u00e0 l\u2019adresse email suivante : <a href=\"privacy@thales.be\">privacy@thales.be<\/a>.\t\t\t\t\t\t\t\t<\/div>\n\t\t\t\t<\/div>\n\t\t\t\t\t<\/div>\n\t\t<\/div>\n\t\t\t\t\t<\/div>\n\t\t<\/section>\n\t\t\t\t<\/div>\n\t\t","protected":false},"excerpt":{"rendered":"<p>POLITIQUE D&rsquo;UTILISATION DES COOKIES Le site www.thales.be utilise des cookies. Un cookie est un petit fichier enregistr\u00e9 sur votre ordinateur ou votre t\u00e9l\u00e9phone mobile qui poss\u00e8de un identifiant unique attribu\u00e9 \u00e0 votre appareil. Ce fichier est automatiquement stock\u00e9 par le navigateur de l\u2019utilisateur et retransmis au serveur \u00e0 chaque fois que l\u2019utilisateur acc\u00e8de \u00e0 la [&hellip;]<\/p>\n","protected":false},"author":3,"featured_media":0,"parent":0,"menu_order":80,"comment_status":"closed","ping_status":"closed","template":"elementor_header_footer","meta":{"_acf_changed":false,"footnotes":""},"class_list":["post-5898","page","type-page","status-publish","hentry"],"acf":[],"_links":{"self":[{"href":"https:\/\/www.thales.be\/en\/wp-json\/wp\/v2\/pages\/5898","targetHints":{"allow":["GET"]}}],"collection":[{"href":"https:\/\/www.thales.be\/en\/wp-json\/wp\/v2\/pages"}],"about":[{"href":"https:\/\/www.thales.be\/en\/wp-json\/wp\/v2\/types\/page"}],"author":[{"embeddable":true,"href":"https:\/\/www.thales.be\/en\/wp-json\/wp\/v2\/users\/3"}],"replies":[{"embeddable":true,"href":"https:\/\/www.thales.be\/en\/wp-json\/wp\/v2\/comments?post=5898"}],"version-history":[{"count":14,"href":"https:\/\/www.thales.be\/en\/wp-json\/wp\/v2\/pages\/5898\/revisions"}],"predecessor-version":[{"id":5923,"href":"https:\/\/www.thales.be\/en\/wp-json\/wp\/v2\/pages\/5898\/revisions\/5923"}],"wp:attachment":[{"href":"https:\/\/www.thales.be\/en\/wp-json\/wp\/v2\/media?parent=5898"}],"curies":[{"name":"wp","href":"https:\/\/api.w.org\/{rel}","templated":true}]}}